{"id":35,"date":"2025-10-14T08:08:45","date_gmt":"2025-10-14T08:08:45","guid":{"rendered":"https:\/\/sikringsdagen.local\/?page_id=35"},"modified":"2025-10-17T14:46:29","modified_gmt":"2025-10-17T12:46:29","slug":"kontakt","status":"publish","type":"page","link":"https:\/\/sikringsdagen.dk\/?page_id=35","title":{"rendered":"Kontakt"},"content":{"rendered":"\n<div class=\"wp-block-uagb-container uagb-layout-flex uagb-block-f2e184f7 alignfull uagb-is-root-container\">\n<div class=\"wp-block-uagb-container uagb-block-20871f87\">\n<h2 class=\"wp-block-heading has-text-align-left narrow-text has-white-color has-text-color has-link-color wp-elements-1c7856c01927d27e03ffd22b8b2102a9\" style=\"margin-top:0;margin-right:0;margin-bottom:0;margin-left:0;font-size:36px\">Kontakt Sikringsdagen<\/h2>\n\n\n\n<p class=\"has-text-align-left narrow-text has-white-color has-text-color has-link-color wp-elements-9549496e398ada5173f49b6dcfa5334f\" style=\"margin-top:0;margin-right:0;margin-bottom:0;margin-left:0;font-size:18px\">Har du sp\u00f8rgsm\u00e5l om arrangementet, samarbejde eller deltagelse p\u00e5 Sikringsdagen 2025?<br>Vores team st\u00e5r klar til at hj\u00e6lpe dig \u2013 uanset om du er udstiller, g\u00e6st eller presse.<\/p>\n\n\n\n<p class=\"has-text-align-left narrow-text has-white-color has-text-color has-link-color wp-elements-21a16e801707b735327f631ab3f4e80c\" style=\"margin-top:0;margin-right:0;margin-bottom:0;margin-left:0;font-size:18px\">Sikringsdagen afholdes af <strong>SeeSafe<\/strong> i samarbejde med f\u00f8rende akt\u00f8rer inden for sikkerhed, teknologi og beredskab.<br>Sammen arbejder vi for at skabe en dag fyldt med viden, netv\u00e6rk og nye l\u00f8sninger, der styrker sikkerheden \u2013 b\u00e5de fysisk og digitalt.<\/p>\n\n\n\n<p class=\"has-text-align-left narrow-text has-white-color has-text-color has-link-color wp-elements-3e81b507ebee5ec481f1bc26503a9649\" style=\"margin-top:0;margin-right:0;margin-bottom:0;margin-left:0;font-size:18px\"><strong>Sikringsdagen samler fagfolk, leverand\u00f8rer og eksperter \u2013 og vi gl\u00e6der os til at h\u00f8re fra dig.<\/strong><\/p>\n<\/div>\n<\/div>\n\n\n\n<div class=\"wp-block-uagb-container uagb-block-dddac002 alignfull uagb-is-root-container\"><div class=\"uagb-container-inner-blocks-wrap\">\n<div class=\"wp-block-uagb-container uagb-block-e368e662\">\n<div class=\"wp-block-uagb-advanced-heading uagb-block-cedff182\"><h2 class=\"uagb-heading-text\">Kom i kontakt med os<\/h2><\/div>\n\n\n\n<p>Har du sp\u00f8rgsm\u00e5l om Sikringsdagen 2025, samarbejde eller deltagelse?<br>Vi hj\u00e6lper gerne med alt fra tilmelding til partnerskab.<br>Skriv, ring eller send os en mail \u2013 vi gl\u00e6der os til at h\u00f8re fra dig.<\/p>\n<\/div>\n\n\n\n<div class=\"wp-block-uagb-container uagb-block-6c6bc406\">\n<div class=\"wp-block-uagb-icon-list uagb-block-0e6b8f03\"><div class=\"uagb-icon-list__wrap\">\n<div class=\"wp-block-uagb-icon-list-child uagb-block-6750f4f9\"><span class=\"uagb-icon-list__source-wrap\"><svg xmlns=\"https:\/\/www.w3.org\/2000\/svg\" viewBox=\"0 0 512 512\"><path d=\"M464 64C490.5 64 512 85.49 512 112C512 127.1 504.9 141.3 492.8 150.4L275.2 313.6C263.8 322.1 248.2 322.1 236.8 313.6L19.2 150.4C7.113 141.3 0 127.1 0 112C0 85.49 21.49 64 48 64H464zM217.6 339.2C240.4 356.3 271.6 356.3 294.4 339.2L512 176V384C512 419.3 483.3 448 448 448H64C28.65 448 0 419.3 0 384V176L217.6 339.2z\"><\/path><\/svg><\/span><span class=\"uagb-icon-list__label\">Email: info@seesafe.dk<\/span><\/div>\n\n\n\n<div class=\"wp-block-uagb-icon-list-child uagb-block-3bce627e\"><span class=\"uagb-icon-list__source-wrap\"><svg xmlns=\"https:\/\/www.w3.org\/2000\/svg\" viewBox=\"0 0 512 512\"><path d=\"M18.92 351.2l108.5-46.52c12.78-5.531 27.77-1.801 36.45 8.98l44.09 53.82c69.25-34 125.5-90.31 159.5-159.5l-53.81-44.04c-10.75-8.781-14.41-23.69-8.974-36.47l46.51-108.5c6.094-13.91 21.1-21.52 35.79-18.11l100.8 23.25c14.25 3.25 24.22 15.8 24.22 30.46c0 252.3-205.2 457.5-457.5 457.5c-14.67 0-27.18-9.968-30.45-24.22l-23.25-100.8C-2.571 372.4 5.018 357.2 18.92 351.2z\"><\/path><\/svg><\/span><span class=\"uagb-icon-list__label\">Telefon: +45 70 70 20 96<\/span><\/div>\n\n\n\n<div class=\"wp-block-uagb-icon-list-child uagb-block-326baa6e\"><span class=\"uagb-icon-list__source-wrap\"><svg xmlns=\"https:\/\/www.w3.org\/2000\/svg\" viewBox=\"0 0 512 512\"><path d=\"M352 256C352 278.2 350.8 299.6 348.7 320H163.3C161.2 299.6 159.1 278.2 159.1 256C159.1 233.8 161.2 212.4 163.3 192H348.7C350.8 212.4 352 233.8 352 256zM503.9 192C509.2 212.5 512 233.9 512 256C512 278.1 509.2 299.5 503.9 320H380.8C382.9 299.4 384 277.1 384 256C384 234 382.9 212.6 380.8 192H503.9zM493.4 160H376.7C366.7 96.14 346.9 42.62 321.4 8.442C399.8 29.09 463.4 85.94 493.4 160zM344.3 160H167.7C173.8 123.6 183.2 91.38 194.7 65.35C205.2 41.74 216.9 24.61 228.2 13.81C239.4 3.178 248.7 0 256 0C263.3 0 272.6 3.178 283.8 13.81C295.1 24.61 306.8 41.74 317.3 65.35C328.8 91.38 338.2 123.6 344.3 160H344.3zM18.61 160C48.59 85.94 112.2 29.09 190.6 8.442C165.1 42.62 145.3 96.14 135.3 160H18.61zM131.2 192C129.1 212.6 127.1 234 127.1 256C127.1 277.1 129.1 299.4 131.2 320H8.065C2.8 299.5 0 278.1 0 256C0 233.9 2.8 212.5 8.065 192H131.2zM194.7 446.6C183.2 420.6 173.8 388.4 167.7 352H344.3C338.2 388.4 328.8 420.6 317.3 446.6C306.8 470.3 295.1 487.4 283.8 498.2C272.6 508.8 263.3 512 255.1 512C248.7 512 239.4 508.8 228.2 498.2C216.9 487.4 205.2 470.3 194.7 446.6H194.7zM190.6 503.6C112.2 482.9 48.59 426.1 18.61 352H135.3C145.3 415.9 165.1 469.4 190.6 503.6V503.6zM321.4 503.6C346.9 469.4 366.7 415.9 376.7 352H493.4C463.4 426.1 399.8 482.9 321.4 503.6V503.6z\"><\/path><\/svg><\/span><span class=\"uagb-icon-list__label\">Web: www.seesafe.dk<\/span><\/div>\n\n\n\n<div class=\"wp-block-uagb-icon-list-child uagb-block-d603c25f\"><span class=\"uagb-icon-list__source-wrap\"><svg xmlns=\"https:\/\/www.w3.org\/2000\/svg\" viewBox=\"0 0 448 512\"><path d=\"M416 32H31.9C14.3 32 0 46.5 0 64.3v383.4C0 465.5 14.3 480 31.9 480H416c17.6 0 32-14.5 32-32.3V64.3c0-17.8-14.4-32.3-32-32.3zM135.4 416H69V202.2h66.5V416zm-33.2-243c-21.3 0-38.5-17.3-38.5-38.5S80.9 96 102.2 96c21.2 0 38.5 17.3 38.5 38.5 0 21.3-17.2 38.5-38.5 38.5zm282.1 243h-66.4V312c0-24.8-.5-56.7-34.5-56.7-34.6 0-39.9 27-39.9 54.9V416h-66.4V202.2h63.7v29.2h.9c8.9-16.8 30.6-34.5 62.9-34.5 67.2 0 79.7 44.3 79.7 101.9V416z\"><\/path><\/svg><\/span><span class=\"uagb-icon-list__label\">Find SeeSafe p\u00e5 Linkedin<\/span><\/div>\n<\/div><\/div>\n<\/div>\n<\/div><\/div>\n\n\n\n<p><\/p>\n","protected":false},"excerpt":{"rendered":"<p>Kontakt Sikringsdagen Har du sp\u00f8rgsm\u00e5l om arrangementet, samarbejde eller deltagelse p\u00e5 Sikringsdagen 2025?Vores team st\u00e5r klar til at hj\u00e6lpe dig [&hellip;]<\/p>\n","protected":false},"author":1,"featured_media":0,"parent":0,"menu_order":0,"comment_status":"closed","ping_status":"closed","template":"","meta":{"_uag_custom_page_level_css":"","site-sidebar-layout":"default","site-content-layout":"","ast-site-content-layout":"default","site-content-style":"default","site-sidebar-style":"default","ast-global-header-display":"","ast-banner-title-visibility":"","ast-main-header-display":"","ast-hfb-above-header-display":"","ast-hfb-below-header-display":"","ast-hfb-mobile-header-display":"","site-post-title":"disabled","ast-breadcrumbs-content":"","ast-featured-img":"","footer-sml-layout":"","theme-transparent-header-meta":"","adv-header-id-meta":"","stick-header-meta":"","header-above-stick-meta":"","header-main-stick-meta":"","header-below-stick-meta":"","astra-migrate-meta-layouts":"default","ast-page-background-enabled":"default","ast-page-background-meta":{"desktop":{"background-color":"var(--ast-global-color-5)","background-image":"","background-repeat":"repeat","background-position":"center center","background-size":"auto","background-attachment":"scroll","background-type":"","background-media":"","overlay-type":"","overlay-color":"","overlay-opacity":"","overlay-gradient":""},"tablet":{"background-color":"","background-image":"","background-repeat":"repeat","background-position":"center center","background-size":"auto","background-attachment":"scroll","background-type":"","background-media":"","overlay-type":"","overlay-color":"","overlay-opacity":"","overlay-gradient":""},"mobile":{"background-color":"","background-image":"","background-repeat":"repeat","background-position":"center center","background-size":"auto","background-attachment":"scroll","background-type":"","background-media":"","overlay-type":"","overlay-color":"","overlay-opacity":"","overlay-gradient":""}},"ast-content-background-meta":{"desktop":{"background-color":"var(--ast-global-color-4)","background-image":"","background-repeat":"repeat","background-position":"center center","background-size":"auto","background-attachment":"scroll","background-type":"","background-media":"","overlay-type":"","overlay-color":"","overlay-opacity":"","overlay-gradient":""},"tablet":{"background-color":"var(--ast-global-color-4)","background-image":"","background-repeat":"repeat","background-position":"center center","background-size":"auto","background-attachment":"scroll","background-type":"","background-media":"","overlay-type":"","overlay-color":"","overlay-opacity":"","overlay-gradient":""},"mobile":{"background-color":"var(--ast-global-color-4)","background-image":"","background-repeat":"repeat","background-position":"center center","background-size":"auto","background-attachment":"scroll","background-type":"","background-media":"","overlay-type":"","overlay-color":"","overlay-opacity":"","overlay-gradient":""}},"footnotes":""},"class_list":["post-35","page","type-page","status-publish","hentry"],"yoast_head":"<!-- This site is optimized with the Yoast SEO plugin v27.3 - https:\/\/yoast.com\/product\/yoast-seo-wordpress\/ -->\n<title>Kontakt - Sikringsdagen<\/title>\n<meta name=\"robots\" content=\"index, follow, max-snippet:-1, max-image-preview:large, max-video-preview:-1\" \/>\n<link rel=\"canonical\" href=\"https:\/\/sikringsdagen.dk\/?page_id=35\" \/>\n<meta property=\"og:locale\" content=\"da_DK\" \/>\n<meta property=\"og:type\" content=\"article\" \/>\n<meta property=\"og:title\" content=\"Kontakt - Sikringsdagen\" \/>\n<meta property=\"og:description\" content=\"Kontakt Sikringsdagen Har du sp\u00f8rgsm\u00e5l om arrangementet, samarbejde eller deltagelse p\u00e5 Sikringsdagen 2025?Vores team st\u00e5r klar til at hj\u00e6lpe dig [&hellip;]\" \/>\n<meta property=\"og:url\" content=\"https:\/\/sikringsdagen.dk\/?page_id=35\" \/>\n<meta property=\"og:site_name\" content=\"Sikringsdagen\" \/>\n<meta property=\"article:modified_time\" content=\"2025-10-17T12:46:29+00:00\" \/>\n<meta name=\"twitter:card\" content=\"summary_large_image\" \/>\n<meta name=\"twitter:label1\" content=\"Estimeret l\u00e6setid\" \/>\n\t<meta name=\"twitter:data1\" content=\"1 minut\" \/>\n<script type=\"application\/ld+json\" class=\"yoast-schema-graph\">{\"@context\":\"https:\\\/\\\/schema.org\",\"@graph\":[{\"@type\":\"WebPage\",\"@id\":\"https:\\\/\\\/sikringsdagen.dk\\\/?page_id=35\",\"url\":\"https:\\\/\\\/sikringsdagen.dk\\\/?page_id=35\",\"name\":\"Kontakt - Sikringsdagen\",\"isPartOf\":{\"@id\":\"https:\\\/\\\/sikringsdagen.dk\\\/#website\"},\"datePublished\":\"2025-10-14T08:08:45+00:00\",\"dateModified\":\"2025-10-17T12:46:29+00:00\",\"breadcrumb\":{\"@id\":\"https:\\\/\\\/sikringsdagen.dk\\\/?page_id=35#breadcrumb\"},\"inLanguage\":\"da-DK\",\"potentialAction\":[{\"@type\":\"ReadAction\",\"target\":[\"https:\\\/\\\/sikringsdagen.dk\\\/?page_id=35\"]}]},{\"@type\":\"BreadcrumbList\",\"@id\":\"https:\\\/\\\/sikringsdagen.dk\\\/?page_id=35#breadcrumb\",\"itemListElement\":[{\"@type\":\"ListItem\",\"position\":1,\"name\":\"Home\",\"item\":\"https:\\\/\\\/sikringsdagen.dk\\\/\"},{\"@type\":\"ListItem\",\"position\":2,\"name\":\"Kontakt\"}]},{\"@type\":\"WebSite\",\"@id\":\"https:\\\/\\\/sikringsdagen.dk\\\/#website\",\"url\":\"https:\\\/\\\/sikringsdagen.dk\\\/\",\"name\":\"Sikringsdagen\",\"description\":\"\",\"publisher\":{\"@id\":\"https:\\\/\\\/sikringsdagen.dk\\\/#organization\"},\"potentialAction\":[{\"@type\":\"SearchAction\",\"target\":{\"@type\":\"EntryPoint\",\"urlTemplate\":\"https:\\\/\\\/sikringsdagen.dk\\\/?s={search_term_string}\"},\"query-input\":{\"@type\":\"PropertyValueSpecification\",\"valueRequired\":true,\"valueName\":\"search_term_string\"}}],\"inLanguage\":\"da-DK\"},{\"@type\":\"Organization\",\"@id\":\"https:\\\/\\\/sikringsdagen.dk\\\/#organization\",\"name\":\"Sikringsdagen\",\"url\":\"https:\\\/\\\/sikringsdagen.dk\\\/\",\"logo\":{\"@type\":\"ImageObject\",\"inLanguage\":\"da-DK\",\"@id\":\"https:\\\/\\\/sikringsdagen.dk\\\/#\\\/schema\\\/logo\\\/image\\\/\",\"url\":\"https:\\\/\\\/sikringsdagen.dk\\\/wp-content\\\/uploads\\\/2025\\\/10\\\/cropped-rigtige-logo-2-1.png\",\"contentUrl\":\"https:\\\/\\\/sikringsdagen.dk\\\/wp-content\\\/uploads\\\/2025\\\/10\\\/cropped-rigtige-logo-2-1.png\",\"width\":1402,\"height\":214,\"caption\":\"Sikringsdagen\"},\"image\":{\"@id\":\"https:\\\/\\\/sikringsdagen.dk\\\/#\\\/schema\\\/logo\\\/image\\\/\"}}]}<\/script>\n<!-- \/ Yoast SEO plugin. -->","yoast_head_json":{"title":"Kontakt - Sikringsdagen","robots":{"index":"index","follow":"follow","max-snippet":"max-snippet:-1","max-image-preview":"max-image-preview:large","max-video-preview":"max-video-preview:-1"},"canonical":"https:\/\/sikringsdagen.dk\/?page_id=35","og_locale":"da_DK","og_type":"article","og_title":"Kontakt - Sikringsdagen","og_description":"Kontakt Sikringsdagen Har du sp\u00f8rgsm\u00e5l om arrangementet, samarbejde eller deltagelse p\u00e5 Sikringsdagen 2025?Vores team st\u00e5r klar til at hj\u00e6lpe dig [&hellip;]","og_url":"https:\/\/sikringsdagen.dk\/?page_id=35","og_site_name":"Sikringsdagen","article_modified_time":"2025-10-17T12:46:29+00:00","twitter_card":"summary_large_image","twitter_misc":{"Estimeret l\u00e6setid":"1 minut"},"schema":{"@context":"https:\/\/schema.org","@graph":[{"@type":"WebPage","@id":"https:\/\/sikringsdagen.dk\/?page_id=35","url":"https:\/\/sikringsdagen.dk\/?page_id=35","name":"Kontakt - Sikringsdagen","isPartOf":{"@id":"https:\/\/sikringsdagen.dk\/#website"},"datePublished":"2025-10-14T08:08:45+00:00","dateModified":"2025-10-17T12:46:29+00:00","breadcrumb":{"@id":"https:\/\/sikringsdagen.dk\/?page_id=35#breadcrumb"},"inLanguage":"da-DK","potentialAction":[{"@type":"ReadAction","target":["https:\/\/sikringsdagen.dk\/?page_id=35"]}]},{"@type":"BreadcrumbList","@id":"https:\/\/sikringsdagen.dk\/?page_id=35#breadcrumb","itemListElement":[{"@type":"ListItem","position":1,"name":"Home","item":"https:\/\/sikringsdagen.dk\/"},{"@type":"ListItem","position":2,"name":"Kontakt"}]},{"@type":"WebSite","@id":"https:\/\/sikringsdagen.dk\/#website","url":"https:\/\/sikringsdagen.dk\/","name":"Sikringsdagen","description":"","publisher":{"@id":"https:\/\/sikringsdagen.dk\/#organization"},"potentialAction":[{"@type":"SearchAction","target":{"@type":"EntryPoint","urlTemplate":"https:\/\/sikringsdagen.dk\/?s={search_term_string}"},"query-input":{"@type":"PropertyValueSpecification","valueRequired":true,"valueName":"search_term_string"}}],"inLanguage":"da-DK"},{"@type":"Organization","@id":"https:\/\/sikringsdagen.dk\/#organization","name":"Sikringsdagen","url":"https:\/\/sikringsdagen.dk\/","logo":{"@type":"ImageObject","inLanguage":"da-DK","@id":"https:\/\/sikringsdagen.dk\/#\/schema\/logo\/image\/","url":"https:\/\/sikringsdagen.dk\/wp-content\/uploads\/2025\/10\/cropped-rigtige-logo-2-1.png","contentUrl":"https:\/\/sikringsdagen.dk\/wp-content\/uploads\/2025\/10\/cropped-rigtige-logo-2-1.png","width":1402,"height":214,"caption":"Sikringsdagen"},"image":{"@id":"https:\/\/sikringsdagen.dk\/#\/schema\/logo\/image\/"}}]}},"uagb_featured_image_src":{"full":false,"thumbnail":false,"medium":false,"medium_large":false,"large":false,"1536x1536":false,"2048x2048":false},"uagb_author_info":{"display_name":"ssit-admin","author_link":"https:\/\/sikringsdagen.dk\/?author=1"},"uagb_comment_info":0,"uagb_excerpt":"Kontakt Sikringsdagen Har du sp\u00f8rgsm\u00e5l om arrangementet, samarbejde eller deltagelse p\u00e5 Sikringsdagen 2025?Vores team st\u00e5r klar til at hj\u00e6lpe dig [&hellip;]","_links":{"self":[{"href":"https:\/\/sikringsdagen.dk\/index.php?rest_route=\/wp\/v2\/pages\/35","targetHints":{"allow":["GET"]}}],"collection":[{"href":"https:\/\/sikringsdagen.dk\/index.php?rest_route=\/wp\/v2\/pages"}],"about":[{"href":"https:\/\/sikringsdagen.dk\/index.php?rest_route=\/wp\/v2\/types\/page"}],"author":[{"embeddable":true,"href":"https:\/\/sikringsdagen.dk\/index.php?rest_route=\/wp\/v2\/users\/1"}],"replies":[{"embeddable":true,"href":"https:\/\/sikringsdagen.dk\/index.php?rest_route=%2Fwp%2Fv2%2Fcomments&post=35"}],"version-history":[{"count":16,"href":"https:\/\/sikringsdagen.dk\/index.php?rest_route=\/wp\/v2\/pages\/35\/revisions"}],"predecessor-version":[{"id":430,"href":"https:\/\/sikringsdagen.dk\/index.php?rest_route=\/wp\/v2\/pages\/35\/revisions\/430"}],"wp:attachment":[{"href":"https:\/\/sikringsdagen.dk\/index.php?rest_route=%2Fwp%2Fv2%2Fmedia&parent=35"}],"curies":[{"name":"wp","href":"https:\/\/api.w.org\/{rel}","templated":true}]}}